{"id":1978,"date":"2022-01-04T03:22:43","date_gmt":"2022-01-04T03:22:43","guid":{"rendered":"https:\/\/yolojordan.com\/?page_id=1978"},"modified":"2023-12-14T12:14:08","modified_gmt":"2023-12-14T12:14:08","slug":"terms-and-conditions","status":"publish","type":"page","link":"https:\/\/yolojordan.com\/es\/terms-and-conditions\/","title":{"rendered":"Normas y condiciones"},"content":{"rendered":"<div data-elementor-type=\"wp-page\" data-elementor-id=\"1978\" class=\"elementor elementor-1978\" data-elementor-post-type=\"page\">\n\t\t\t\t\t\t\t\t\t<section class=\"elementor-section elementor-top-section elementor-element elementor-element-912e426 elementor-section-boxed elementor-section-height-default elementor-section-height-default\" data-id=\"912e426\" data-element_type=\"section\" data-settings=\"{&quot;_ha_eqh_enable&quot;:false}\">\n\t\t\t\t\t\t<div class=\"elementor-container elementor-column-gap-default\">\n\t\t\t\t\t<div class=\"elementor-column elementor-col-100 elementor-top-column elementor-element elementor-element-a6e3054\" data-id=\"a6e3054\" data-element_type=\"column\">\n\t\t\t<div class=\"elementor-widget-wrap elementor-element-populated\">\n\t\t\t\t\t\t\t\t<div class=\"elementor-element elementor-element-c97b0ff elementor-widget elementor-widget-spacer\" data-id=\"c97b0ff\" data-element_type=\"widget\" data-widget_type=\"spacer.default\">\n\t\t\t\t<div class=\"elementor-widget-container\">\n\t\t\t\t\t<div class=\"elementor-spacer\">\n\t\t\t<div class=\"elementor-spacer-inner\"><\/div>\n\t\t<\/div>\n\t\t\t\t<\/div>\n\t\t\t\t<\/div>\n\t\t\t\t\t<\/div>\n\t\t<\/div>\n\t\t\t\t\t\t\t<\/div>\n\t\t<\/section>\n\t\t\t\t<section class=\"elementor-section elementor-top-section elementor-element elementor-element-e3448b8 elementor-section-boxed elementor-section-height-default elementor-section-height-default\" data-id=\"e3448b8\" data-element_type=\"section\" data-settings=\"{&quot;_ha_eqh_enable&quot;:false}\">\n\t\t\t\t\t\t<div class=\"elementor-container elementor-column-gap-default\">\n\t\t\t\t\t<div class=\"elementor-column elementor-col-100 elementor-top-column elementor-element elementor-element-c74b704\" data-id=\"c74b704\" data-element_type=\"column\">\n\t\t\t<div class=\"elementor-widget-wrap elementor-element-populated\">\n\t\t\t\t\t\t\t\t<div class=\"elementor-element elementor-element-a3c824c elementor-invisible elementor-widget elementor-widget-heading\" data-id=\"a3c824c\" data-element_type=\"widget\" data-settings=\"{&quot;_animation&quot;:&quot;fadeInDown&quot;}\" data-widget_type=\"heading.default\">\n\t\t\t\t<div class=\"elementor-widget-container\">\n\t\t\t<h1 class=\"elementor-heading-title elementor-size-default\">      Normas y condiciones<\/h1>\t\t<\/div>\n\t\t\t\t<\/div>\n\t\t\t\t<div class=\"elementor-element elementor-element-081946b elementor-widget elementor-widget-text-editor\" data-id=\"081946b\" data-element_type=\"widget\" data-widget_type=\"text-editor.default\">\n\t\t\t\t<div class=\"elementor-widget-container\">\n\t\t\t\t\t\t\t<h2><span style=\"font-size: 14pt;\"><strong><span style=\"color: #333399;\"><a style=\"color: #333399;\" href=\"https:\/\/yolojordan.com\/es\/\">\u00a0 <\/a><\/span><\/strong><\/span><span style=\"color: #333399;\"><a style=\"color: #333399;\" href=\"https:\/\/yolojordan.com\/es\/\" target=\"_blank\" rel=\"noopener\"> YOLO Jordan<\/a><\/span><span style=\"font-size: 14pt;\">\u00a0Normas y condiciones<\/span><\/h2><ul><li>Pol\u00edtica de Reservas y Pagos:<\/li><\/ul><p>\u2022 All reservations should be done in advance. YOLO Jordan will furnish an official confirmation for all requested services or, if unable to do so, will present alternatives along with a pro-forma invoice. A non-refundable 25% deposit is necessary to secure your space upon receipt of the pro-forma invoice.&#8221;<br \/>\u2022 El saldo restante debe transferirse a la cuenta de YOLO Jordan 30 d\u00edas antes de la fecha de\nllegada.<\/p><ul><li>Pol\u00edtica de cancelaci\u00f3n:<\/li><\/ul><p>For example, any Cancellation requests should be sent via email to YOLO Jordan.<br \/>En caso de cancelar su viaje, se aplicar\u00e1 la siguiente tabla de cargos:<\/p><p>\uf0a7if it Up to 30 days prior to arrival: No cancellation fees<br \/>Entre 29 y 21 d\u00edas: 50% del monto total del tour<br \/>Entre 20 y 15 d\u00edas: 60 % del monto total del tour<br \/>\uf0a7\u00a0 Between 14 &amp; 3 days prior to arrival: 70% of the total tour amount<br \/>Menos de 3 d\u00edas antes de la llegada: 100% del monto total del tour<\/p><p>We may periodically update our cancellation policy, and we will inform you about any changes by posting the new policy on this page. You will receive notification through email and\/or a conspicuous notice on our service before the change takes effect.<\/p><ul><li>Pol\u00edtica de reembolsos:<\/li><\/ul><p>The refund will normally be made to the same account and using the same method which was used for the original payment. As a result,\u00a0No refunds are possible in the event of a no show for an existing reservation.<span style=\"color: var(--body-color, #1a2b48);\">\u00a0Refunds will be done only through the original mode of payment.<\/span><\/p><ul><li>Responsabilidad:<\/li><\/ul><p>YOLO Jordan, actually assume no liability for injury, illness, damage, loss, accident, delay, or irregularity to person or property resulting directly or indirectly from any of the following causes: weather, acts of God, force majeure, acts of government or other authorities, wars, civil disturbances, labor disputes, riots, theft, mechanical breakdowns, quarantines or acts of default, delays, cancellations or changes made by any hotel, carrier, or restaurant. No responsibility is accepted for any additional expenses.<\/p><ul><li>SOLICITUDES ESPECIALES:<\/li><\/ul><p>Si el Cliente tiene alguna solicitud especial, debe informarnos en el momento de la reserva.\nYOLO Jordan Tours y sus proveedores intentar\u00e1n satisfacer dichas solicitudes, pero, como estas\nno forman parte del contrato, YOLO Jordan Tours no garantiza hacerlo. Si YOLO Jordan confirma\nque se ha anotado o transmitido un pedido especial al proveedor o lo menciona en la factura de\nconfirmaci\u00f3n o en otro lugar, esto no es una garant\u00eda de cumplirlo. El Cliente no ser\u00e1 notificado\nespec\u00edficamente si no se puede cumplir con una solicitud especial. YOLO Jordan Tours no\nacepta reservas, que est\u00e1n condicionadas al cumplimiento de cualquier solicitud especial.<\/p><ul><li>Pol\u00edtica de privacidad:<\/li><\/ul><p>Absolutely, YOLO Jordan is committed to complying with all data protection laws and want you to feel confident in the measures we are taking to uphold your data privacy rights<br \/>YOLO JORDAN (\"nosotros\", \"nosotros\" o \"nuestro\") opera el sitio web https:\/\/yolojordan.com\n(el \"Servicio\").<\/p><p>Definitely, We use your data to provide and improve the Service. By using the Service, you agree to the collection and use of information in accordance with this policy. Unless otherwise defined in this Privacy Policy, terms used in this Privacy Policy have the same meanings as in our Terms and Conditions, accessible from YOLO JORDAN<\/p><ul><li>Recopilaci\u00f3n y uso de informaci\u00f3n<\/li><\/ul><p>Recopilamos varios tipos diferentes de informaci\u00f3n para varios prop\u00f3sitos para brindarle y\nmejorar nuestro Servicio.<\/p><p>Tipos de datos recopilados<\/p><p><span style=\"color: inherit; font-family: inherit;\">Informaci\u00f3n personal<\/span><\/p><p>Mientras usa nuestro Servicio, podemos pedirle que nos proporcione cierta informaci\u00f3n de\nidentificaci\u00f3n personal que se puede usar para contactarlo o identificarlo (\"Datos personales\").\nLa informaci\u00f3n de identificaci\u00f3n personal puede incluir, entre otros:<\/p><ol><li><span style=\"color: var(--body-color, #1a2b48);\">\u00a0Email address<\/span><\/li><li><span style=\"color: #333399;\">\u00a0<a style=\"background-color: #ffffff; color: #333399;\" href=\"https:\/\/www.cookielaw.org\/cookie-data-we-collect\/\" target=\"_blank\" rel=\"noopener\">Cookies<\/a><\/span><\/li><li>Datos de seguimiento y cookies<\/li><\/ol><p>our team use cookies and similar tracking technologies to track the activity on our Service and hold certain information.<\/p><p>We send cookies\u2014files containing a small amount of data, possibly including an anonymous unique identifier\u2014to your browser from our website, storing them on your device. Additionally, we utilize tracking technologies such as beacons, tags, and scripts to gather, analyze, and enhance information related to our service.<\/p><p>Puede indicar a su navegador que rechace todas las cookies o que indique cu\u00e1ndo se env\u00eda una\ncookie. Sin embargo, si no acepta las cookies, es posible que no pueda utilizar algunas partes de\nnuestro Servicio.<\/p><ul><li>Uso de datos<\/li><\/ul><p>YOLO JORDAN utiliza los datos recopilados para diversas finalidades:<\/p><p>\u00b7 Maintaining and providing the service, including notifying you about any changes.<\/p><p>\u00b7 Facilitating your participation in interactive features when you choose to engage with our service.<\/p><p>\u00b7 Offering customer care and support, along with providing valuable analysis or information to enhance the service.<\/p><p>\u00b7 Monitoring service usage, detecting, preventing, and addressing technical issues.<\/p><p>YOLO JORDAN tomar\u00e1 todas las medidas razonablemente necesarias para garantizar que sus\ndatos se traten de forma segura y de acuerdo con esta Pol\u00edtica de privacidad y no se realizar\u00e1\nninguna transferencia de sus Datos personales a una organizaci\u00f3n o pa\u00eds a menos que existan\ncontroles adecuados establecidos, incluida la seguridad de sus datos y otra informaci\u00f3n\npersonal.<\/p><p>Nuestro Servicio no se dirige a ninguna persona menor de 18 a\u00f1os (\"Ni\u00f1os\").<\/p><p>No recopilamos a sabiendas informaci\u00f3n de identificaci\u00f3n personal de ninguna persona menor\nde 18 a\u00f1os. Si es padre o tutor y sabe que sus hijos nos han proporcionado datos personales,\ncomun\u00edquese con nosotros. Si nos damos cuenta de que hemos recopilado Datos personales de\nni\u00f1os sin verificaci\u00f3n del consentimiento de los padres, tomamos medidas para eliminar esa\ninformaci\u00f3n de nuestros servidores.<\/p><ul><li>Cambios a esta pol\u00edtica de privacidad<\/li><\/ul><p>Es posible que actualicemos nuestra Pol\u00edtica de privacidad de vez en cuando. Le notificaremos\ncualquier cambio publicando la nueva Pol\u00edtica de privacidad en esta p\u00e1gina.<\/p><p>Le informaremos por correo electr\u00f3nico y\/o un aviso destacado en nuestro Servicio, antes de\nque el cambio entre en vigencia y actualizaremos la \"fecha de vigencia\" en la parte superior de\nesta Pol\u00edtica de privacidad.<\/p><p>Se le recomienda revisar esta Pol\u00edtica de Privacidad peri\u00f3dicamente para cualquier cambio. Los\ncambios a esta Pol\u00edtica de privacidad son efectivos cuando se publican en esta p\u00e1gina.<\/p><h3>Cont\u00e1ctanos<\/h3><p>Si tiene alguna pregunta sobre esta Pol\u00edtica de privacidad, cont\u00e1ctenos:<\/p><p>\u00b7 Por correo electr\u00f3nico: info@yolojordan.com<\/p>\t\t\t\t\t\t<\/div>\n\t\t\t\t<\/div>\n\t\t\t\t\t<\/div>\n\t\t<\/div>\n\t\t\t\t\t\t\t<\/div>\n\t\t<\/section>\n\t\t\t\t\t\t\t<\/div>","protected":false},"excerpt":{"rendered":"<p>Terms and Conditions \u00a0 YOLO Jordan\u00a0Terms and Conditions Reservation and Payment Policy: \u2022 All reservations should be done in advance. YOLO Jordan will furnish an official confirmation for all requested services or, if unable to do so, will present alternatives along with a pro-forma invoice. A non-refundable 25% deposit is necessary to secure your space [&hellip;]<\/p>","protected":false},"author":1,"featured_media":0,"parent":0,"menu_order":0,"comment_status":"closed","ping_status":"closed","template":"elementor_header_footer","meta":{"_eb_attr":"","footnotes":""},"class_list":["post-1978","page","type-page","status-publish","has-post-thumbnail","hentry"],"aioseo_notices":[],"_links":{"self":[{"href":"https:\/\/yolojordan.com\/es\/wp-json\/wp\/v2\/pages\/1978","targetHints":{"allow":["GET"]}}],"collection":[{"href":"https:\/\/yolojordan.com\/es\/wp-json\/wp\/v2\/pages"}],"about":[{"href":"https:\/\/yolojordan.com\/es\/wp-json\/wp\/v2\/types\/page"}],"author":[{"embeddable":true,"href":"https:\/\/yolojordan.com\/es\/wp-json\/wp\/v2\/users\/1"}],"replies":[{"embeddable":true,"href":"https:\/\/yolojordan.com\/es\/wp-json\/wp\/v2\/comments?post=1978"}],"version-history":[{"count":0,"href":"https:\/\/yolojordan.com\/es\/wp-json\/wp\/v2\/pages\/1978\/revisions"}],"wp:attachment":[{"href":"https:\/\/yolojordan.com\/es\/wp-json\/wp\/v2\/media?parent=1978"}],"curies":[{"name":"wp","href":"https:\/\/api.w.org\/{rel}","templated":true}]}}