{"id":1978,"date":"2022-01-04T03:22:43","date_gmt":"2022-01-04T03:22:43","guid":{"rendered":"https:\/\/yolojordan.com\/?page_id=1978"},"modified":"2023-12-14T12:14:08","modified_gmt":"2023-12-14T12:14:08","slug":"terms-and-conditions","status":"publish","type":"page","link":"https:\/\/yolojordan.com\/de\/terms-and-conditions\/","title":{"rendered":"Gesch\u00e4ftsbedingungen"},"content":{"rendered":"<div data-elementor-type=\"wp-page\" data-elementor-id=\"1978\" class=\"elementor elementor-1978\" data-elementor-post-type=\"page\">\n\t\t\t\t\t\t\t\t\t<section class=\"elementor-section elementor-top-section elementor-element elementor-element-912e426 elementor-section-boxed elementor-section-height-default elementor-section-height-default\" data-id=\"912e426\" data-element_type=\"section\" data-settings=\"{&quot;_ha_eqh_enable&quot;:false}\">\n\t\t\t\t\t\t<div class=\"elementor-container elementor-column-gap-default\">\n\t\t\t\t\t<div class=\"elementor-column elementor-col-100 elementor-top-column elementor-element elementor-element-a6e3054\" data-id=\"a6e3054\" data-element_type=\"column\">\n\t\t\t<div class=\"elementor-widget-wrap elementor-element-populated\">\n\t\t\t\t\t\t\t\t<div class=\"elementor-element elementor-element-c97b0ff elementor-widget elementor-widget-spacer\" data-id=\"c97b0ff\" data-element_type=\"widget\" data-widget_type=\"spacer.default\">\n\t\t\t\t<div class=\"elementor-widget-container\">\n\t\t\t\t\t<div class=\"elementor-spacer\">\n\t\t\t<div class=\"elementor-spacer-inner\"><\/div>\n\t\t<\/div>\n\t\t\t\t<\/div>\n\t\t\t\t<\/div>\n\t\t\t\t\t<\/div>\n\t\t<\/div>\n\t\t\t\t\t\t\t<\/div>\n\t\t<\/section>\n\t\t\t\t<section class=\"elementor-section elementor-top-section elementor-element elementor-element-e3448b8 elementor-section-boxed elementor-section-height-default elementor-section-height-default\" data-id=\"e3448b8\" data-element_type=\"section\" data-settings=\"{&quot;_ha_eqh_enable&quot;:false}\">\n\t\t\t\t\t\t<div class=\"elementor-container elementor-column-gap-default\">\n\t\t\t\t\t<div class=\"elementor-column elementor-col-100 elementor-top-column elementor-element elementor-element-c74b704\" data-id=\"c74b704\" data-element_type=\"column\">\n\t\t\t<div class=\"elementor-widget-wrap elementor-element-populated\">\n\t\t\t\t\t\t\t\t<div class=\"elementor-element elementor-element-a3c824c elementor-invisible elementor-widget elementor-widget-heading\" data-id=\"a3c824c\" data-element_type=\"widget\" data-settings=\"{&quot;_animation&quot;:&quot;fadeInDown&quot;}\" data-widget_type=\"heading.default\">\n\t\t\t\t<div class=\"elementor-widget-container\">\n\t\t\t<h1 class=\"elementor-heading-title elementor-size-default\">      Gesch\u00e4ftsbedingungen<\/h1>\t\t<\/div>\n\t\t\t\t<\/div>\n\t\t\t\t<div class=\"elementor-element elementor-element-081946b elementor-widget elementor-widget-text-editor\" data-id=\"081946b\" data-element_type=\"widget\" data-widget_type=\"text-editor.default\">\n\t\t\t\t<div class=\"elementor-widget-container\">\n\t\t\t\t\t\t\t<h2><span style=\"font-size: 14pt;\"><strong><span style=\"color: #333399;\"><a style=\"color: #333399;\" href=\"https:\/\/yolojordan.com\/de\/\">\u00a0 <\/a><\/span><\/strong><\/span><span style=\"color: #333399;\"><a style=\"color: #333399;\" href=\"https:\/\/yolojordan.com\/de\/\" target=\"_blank\" rel=\"noopener\"> YOLO Jordan<\/a><\/span><span style=\"font-size: 14pt;\">\u00a0Gesch\u00e4ftsbedingungen<\/span><\/h2><ul><li>Reservierungs- und Zahlungsrichtlinien:<\/li><\/ul><p>\u2022 All reservations should be done in advance. YOLO Jordan will furnish an official confirmation for all requested services or, if unable to do so, will present alternatives along with a pro-forma invoice. A non-refundable 25% deposit is necessary to secure your space upon receipt of the pro-forma invoice.&#8221;<br \/>\u2022 Der restliche Betrag sollte 30 Tage vor dem Ankunftsdatum auf das Konto von YOLO Jordan \u00fcberwiesen werden.<\/p><ul><li>Stornierungsrichtlinie:<\/li><\/ul><p>For example, any Cancellation requests should be sent via email to YOLO Jordan.<br \/>Im Falle einer Stornierung Ihrer Reise gelten folgende Stornierungsgeb\u00fchren:<\/p><p>\uf0a7if it Up to 30 days prior to arrival: No cancellation fees<br \/>Zwischen 29 und 21 Tagen: 50% des Gesamtbetrags der Tour<br \/>Zwischen 20 und 15 Tagen: 60% des Gesamtbetrags der Tour<br \/>\uf0a7\u00a0 Between 14 &amp; 3 days prior to arrival: 70% of the total tour amount<br \/>Weniger als 3 Tage vor der Ankunft: 100% des Gesamtbetrags der Tour<\/p><p>We may periodically update our cancellation policy, and we will inform you about any changes by posting the new policy on this page. You will receive notification through email and\/or a conspicuous notice on our service before the change takes effect.<\/p><ul><li>R\u00fcckerstattungsrichtlinie:<\/li><\/ul><p>The refund will normally be made to the same account and using the same method which was used for the original payment. As a result,\u00a0No refunds are possible in the event of a no show for an existing reservation.<span style=\"color: var(--body-color, #1a2b48);\">\u00a0Refunds will be done only through the original mode of payment.<\/span><\/p><ul><li>Verantwortung:<\/li><\/ul><p>YOLO Jordan, actually assume no liability for injury, illness, damage, loss, accident, delay, or irregularity to person or property resulting directly or indirectly from any of the following causes: weather, acts of God, force majeure, acts of government or other authorities, wars, civil disturbances, labor disputes, riots, theft, mechanical breakdowns, quarantines or acts of default, delays, cancellations or changes made by any hotel, carrier, or restaurant. No responsibility is accepted for any additional expenses.<\/p><ul><li>SPEZIALANFRAGEN:Wenn der Kunde spezielle W\u00fcnsche hat, sollte er uns zum Zeitpunkt der Buchung informieren. YOLO Jordan Tours und seine Lieferanten werden versuchen, solche Anfragen zu erf\u00fcllen, aber da sie keinen Teil des Vertrags darstellen, garantiert YOLO Jordan Tours nicht deren Erf\u00fcllung. Wenn YOLO Jordan best\u00e4tigt, dass eine spezielle Anfrage vermerkt oder an den Lieferanten weitergeleitet wurde oder darauf in der Best\u00e4tigungsrechnung oder anderswo verwiesen wird, stellt dies keine Garantie f\u00fcr deren Erf\u00fcllung dar. Der Kunde wird nicht explizit benachrichtigt, wenn eine spezielle Anfrage nicht erf\u00fcllt werden kann. YOLO Jordan Tours akzeptiert keine Buchungen, die von der Erf\u00fcllung spezieller Anfragen abh\u00e4ngig sind.<\/li><\/ul><p>If the Client has any special requests, he\/ she should inform us at the time of booking. YOLO Jordan Tours and its suppliers will try to satisfy such requests, but, as these do not form part of the contract, YOLO Jordan Tours does not guarantee to do so. If YOLO Jordan confirms that a special request has been noted or passed on to the supplier or refers to it on the confirmation invoice or elsewhere, this is not a guarantee to fulfill it. The Client will not be specifically notified if a special request cannot be met. YOLO Jordan Tours does not accept bookings, which are conditional on the fulfillment of any special requests.<\/p><ul><li>Datenschutzrichtlinie:<\/li><\/ul><p>Absolutely, YOLO Jordan is committed to complying with all data protection laws and want you to feel confident in the measures we are taking to uphold your data privacy rights<br \/>YOLO JORDAN (\"uns\", \"wir\" oder \"unser\") betreibt die Website https:\/\/yolojordan.com (der \"Service\").<\/p><p>Definitely, We use your data to provide and improve the Service. By using the Service, you agree to the collection and use of information in accordance with this policy. Unless otherwise defined in this Privacy Policy, terms used in this Privacy Policy have the same meanings as in our Terms and Conditions, accessible from YOLO JORDAN<\/p><ul><li>Datensammlung und -verwendung<\/li><\/ul><p>Wir sammeln verschiedene Arten von Informationen zu verschiedenen Zwecken, um unseren Service bereitzustellen und zu verbessern.<\/p><p>Arten von gesammelten Daten<\/p><p><span style=\"color: inherit; font-family: inherit;\">Personenbezogene Daten<\/span><\/p><p>Bei der Nutzung unseres Dienstes k\u00f6nnen wir Sie bitten, uns bestimmte personenbezogene Daten zur Verf\u00fcgung zu stellen, die verwendet werden k\u00f6nnen, um Sie zu kontaktieren oder zu identifizieren (\"personenbezogene Daten\"). Personenbezogene Daten k\u00f6nnen Ihren Namen, Ihre E-Mail-Adresse und Cookies umfassen.<\/p><ol><li><span style=\"color: var(--body-color, #1a2b48);\">\u00a0Email address<\/span><\/li><li><span style=\"color: #333399;\">\u00a0<a style=\"background-color: #ffffff; color: #333399;\" href=\"https:\/\/www.cookielaw.org\/cookie-data-we-collect\/\" target=\"_blank\" rel=\"noopener\">Cookies<\/a><\/span><\/li><li>Verfolgungs- und Cookie-Daten<\/li><\/ol><p>our team use cookies and similar tracking technologies to track the activity on our Service and hold certain information.<\/p><p>We send cookies\u2014files containing a small amount of data, possibly including an anonymous unique identifier\u2014to your browser from our website, storing them on your device. Additionally, we utilize tracking technologies such as beacons, tags, and scripts to gather, analyze, and enhance information related to our service.<\/p><p>Sie k\u00f6nnen Ihren Browser anweisen, alle Cookies abzulehnen oder anzuzeigen, wann ein Cookie gesendet wird. Wenn Sie jedoch keine Cookies akzeptieren, k\u00f6nnen Sie m\u00f6glicherweise einige Teile unseres Dienstes nicht nutzen.<\/p><ul><li>Verwendung der Daten<\/li><\/ul><p>YOLO JORDAN verwendet die gesammelten Daten f\u00fcr verschiedene Zwecke:<\/p><p>\u00b7 Maintaining and providing the service, including notifying you about any changes.<\/p><p>\u00b7 Facilitating your participation in interactive features when you choose to engage with our service.<\/p><p>\u00b7 Offering customer care and support, along with providing valuable analysis or information to enhance the service.<\/p><p>\u00b7 Monitoring service usage, detecting, preventing, and addressing technical issues.<\/p><p>YOLO JORDAN wird alle vern\u00fcnftigerweise erforderlichen Schritte unternehmen, um sicherzustellen, dass Ihre Daten sicher und in \u00dcbereinstimmung mit dieser Datenschutzrichtlinie behandelt werden. Es erfolgt keine \u00dcbermittlung Ihrer personenbezogenen Daten an eine Organisation oder ein Land, sofern keine angemessenen Kontrollen einschlie\u00dflich der Sicherheit Ihrer Daten und anderer pers\u00f6nlicher Informationen vorhanden sind.<\/p><p>Unser Service richtet sich nicht an Personen unter 18 Jahren (\"Kinder\").<\/p><p>Wir sammeln wissentlich keine personenbezogenen Daten von Personen unter 18 Jahren. Wenn Sie Eltern oder Erziehungsberechtigte sind und wissen, dass Ihre Kinder uns personenbezogene Daten zur Verf\u00fcgung gestellt haben, nehmen Sie bitte Kontakt mit uns auf. Wenn wir feststellen, dass wir personenbezogene Daten von Kindern ohne \u00dcberpr\u00fcfung der elterlichen Zustimmung gesammelt haben, ergreifen wir Ma\u00dfnahmen, um diese Informationen von unseren Servern zu entfernen.<\/p><ul><li>\u00c4nderungen dieser Datenschutzrichtlinie<\/li><\/ul><p>Wir k\u00f6nnen unsere Datenschutzrichtlinie von Zeit zu Zeit aktualisieren. Wir werden Sie \u00fcber etwaige \u00c4nderungen informieren, indem wir die neue Datenschutzrichtlinie auf dieser Seite ver\u00f6ffentlichen.<\/p><p>Wir werden Sie per E-Mail und\/oder durch eine deutliche Mitteilung auf unserem Service informieren, bevor die \u00c4nderung wirksam wird, und das \"Datum des Inkrafttretens\" oben in dieser Datenschutzrichtlinie aktualisieren.<\/p><p>Es wird empfohlen, diese Datenschutzrichtlinie regelm\u00e4\u00dfig auf \u00c4nderungen zu \u00fcberpr\u00fcfen. \u00c4nderungen dieser Datenschutzrichtlinie treten in Kraft, wenn sie auf dieser Seite ver\u00f6ffentlicht werden.<\/p><h3>Kontaktiere uns<\/h3><p>Wenn Sie Fragen zu dieser Datenschutzrichtlinie haben, kontaktieren Sie uns bitte:<\/p><p>\u00b7 Per E-Mail: info@yolojordan.com<\/p>\t\t\t\t\t\t<\/div>\n\t\t\t\t<\/div>\n\t\t\t\t\t<\/div>\n\t\t<\/div>\n\t\t\t\t\t\t\t<\/div>\n\t\t<\/section>\n\t\t\t\t\t\t\t<\/div>","protected":false},"excerpt":{"rendered":"<p>Terms and Conditions \u00a0 YOLO Jordan\u00a0Terms and Conditions Reservation and Payment Policy: \u2022 All reservations should be done in advance. YOLO Jordan will furnish an official confirmation for all requested services or, if unable to do so, will present alternatives along with a pro-forma invoice. A non-refundable 25% deposit is necessary to secure your space [&hellip;]<\/p>","protected":false},"author":1,"featured_media":0,"parent":0,"menu_order":0,"comment_status":"closed","ping_status":"closed","template":"elementor_header_footer","meta":{"_eb_attr":"","footnotes":""},"class_list":["post-1978","page","type-page","status-publish","has-post-thumbnail","hentry"],"aioseo_notices":[],"_links":{"self":[{"href":"https:\/\/yolojordan.com\/de\/wp-json\/wp\/v2\/pages\/1978","targetHints":{"allow":["GET"]}}],"collection":[{"href":"https:\/\/yolojordan.com\/de\/wp-json\/wp\/v2\/pages"}],"about":[{"href":"https:\/\/yolojordan.com\/de\/wp-json\/wp\/v2\/types\/page"}],"author":[{"embeddable":true,"href":"https:\/\/yolojordan.com\/de\/wp-json\/wp\/v2\/users\/1"}],"replies":[{"embeddable":true,"href":"https:\/\/yolojordan.com\/de\/wp-json\/wp\/v2\/comments?post=1978"}],"version-history":[{"count":0,"href":"https:\/\/yolojordan.com\/de\/wp-json\/wp\/v2\/pages\/1978\/revisions"}],"wp:attachment":[{"href":"https:\/\/yolojordan.com\/de\/wp-json\/wp\/v2\/media?parent=1978"}],"curies":[{"name":"wp","href":"https:\/\/api.w.org\/{rel}","templated":true}]}}